{"id":2198,"date":"2024-04-11T10:31:54","date_gmt":"2024-04-11T08:31:54","guid":{"rendered":"https:\/\/a-t-m-o.com\/?page_id=2198"},"modified":"2024-04-24T21:25:14","modified_gmt":"2024-04-24T19:25:14","slug":"mentions-legales","status":"publish","type":"page","link":"https:\/\/a-t-m-o.com\/index.php\/mentions-legales\/","title":{"rendered":"Mentions L\u00e9gales"},"content":{"rendered":"\t\t<div data-elementor-type=\"wp-page\" data-elementor-id=\"2198\" class=\"elementor elementor-2198\">\n\t\t\t\t\t\t\t<div class=\"elementor-element elementor-element-2b66f0d e-flex e-con-boxed e-con e-parent\" data-id=\"2b66f0d\" data-element_type=\"container\" data-settings=\"{&quot;content_width&quot;:&quot;boxed&quot;}\" data-core-v316-plus=\"true\">\n\t\t\t\t\t<div class=\"e-con-inner\">\n\t\t\t\t<div class=\"elementor-element elementor-element-f504bab elementor-widget elementor-widget-text-editor\" data-id=\"f504bab\" data-element_type=\"widget\" data-widget_type=\"text-editor.default\">\n\t\t\t\t<div class=\"elementor-widget-container\">\n\t\t\t<style>\/*! elementor - v3.18.0 - 08-12-2023 *\/\n.elementor-widget-text-editor.elementor-drop-cap-view-stacked .elementor-drop-cap{background-color:#69727d;color:#fff}.elementor-widget-text-editor.elementor-drop-cap-view-framed .elementor-drop-cap{color:#69727d;border:3px solid;background-color:transparent}.elementor-widget-text-editor:not(.elementor-drop-cap-view-default) .elementor-drop-cap{margin-top:8px}.elementor-widget-text-editor:not(.elementor-drop-cap-view-default) .elementor-drop-cap-letter{width:1em;height:1em}.elementor-widget-text-editor .elementor-drop-cap{float:left;text-align:center;line-height:1;font-size:50px}.elementor-widget-text-editor .elementor-drop-cap-letter{display:inline-block}<\/style>\t\t\t\t<p style=\"border: 0px; font-size: 15px; margin: 0px 0px 1.6em; outline: 0px; padding: 0px; vertical-align: baseline; color: #4b4f58; font-family: 'Open Sans', sans-serif;\"><br><\/p>\n<p><\/p>\n<div style=\"direction: ltr; margin: 8px 0px 0px; padding: 0px; position: relative; font-size: 0.875rem; overflow-x: hidden; color: #222222; font-family: 'Google Sans', Roboto, RobotoDraft, Helvetica, Arial, sans-serif; font-variant-ligatures: normal; font-variant-caps: normal; letter-spacing: normal; orphans: 2; text-align: start; text-indent: 0px; text-transform: none; widows: 2; word-spacing: 0px; -webkit-text-stroke-width: 0px; white-space: normal; background-color: #ffffff; text-decoration-thickness: initial; text-decoration-style: initial; text-decoration-color: initial;\">\n<div style=\"font-variant: normal; font-kerning: auto; font-optical-sizing: auto; font-feature-settings: normal; font-variation-settings: normal; font-stretch: normal; font-size: small; line-height: 1.5; font-family: Arial, Helvetica, sans-serif; direction: initial; overflow: auto hidden; position: relative;\">\n<div lang=\"FR\" style=\"overflow-wrap: break-word;\">\n<div>\n<div>\n<div>\n<p style=\"margin-right: 0cm; margin-bottom: 19.2pt; margin-left: 0cm; vertical-align: baseline;\"><b><span style=\"font-size: 11.5pt; font-family: 'Open Sans', sans-serif; color: #4b4f58;\">\u00c9diteur du Site :<\/span><\/b><u><\/u><u><\/u><\/p>\n<p style=\"margin-right: 0cm; margin-bottom: 19.2pt; margin-left: 0cm; vertical-align: baseline; box-sizing: border-box; outline: 0px;\"><span style=\"font-size: 11.5pt; font-family: 'Open Sans', sans-serif; color: #4b4f58;\">Nom de l&#8217;entreprise :&nbsp;<b>ATMO<\/b><u><\/u><u><\/u><\/span><\/p>\n<p><\/p>\n<p style=\"margin-right: 0cm; margin-bottom: 19.2pt; margin-left: 0cm; vertical-align: baseline; box-sizing: border-box; outline: 0px;\"><span style=\"font-style: normal; font-weight: normal; font-size: 11.5pt; font-family: 'Open Sans', sans-serif; color: #4b4f58;\">Forme juridique :&nbsp;<\/span><span style=\"font-size: 11.5pt; font-family: 'Open Sans', sans-serif; color: #4472c4;\"><b>SASU<\/b><\/span><u><\/u><u><\/u><\/p>\n<p style=\"font-weight: normal; margin-right: 0cm; margin-bottom: 19.2pt; margin-left: 0cm; vertical-align: baseline; box-sizing: border-box; outline: 0px;\"><span style=\"font-style: normal; font-size: 11.5pt; font-family: 'Open Sans', sans-serif; color: #4b4f58;\">Adresse du si\u00e8ge social :&nbsp;<\/span><span style=\"font-size: 11.5pt; font-family: 'Open Sans', sans-serif; color: #4472c4;\">10 rue de la Paix 75002 PARIS<i style=\"font-style: normal;\"><u><\/u><u><\/u><\/i><\/span><\/p>\n<p style=\"font-weight: normal; margin-right: 0cm; margin-bottom: 19.2pt; margin-left: 0cm; vertical-align: baseline; box-sizing: border-box; outline: 0px;\"><span style=\"font-style: normal; font-size: 11.5pt; font-family: 'Open Sans', sans-serif; color: #4b4f58;\">Num\u00e9ro de t\u00e9l\u00e9phone :&nbsp;&nbsp;<\/span><span style=\"font-size: 11.5pt; font-family: 'Open Sans', sans-serif; color: #4472c4;\">07 77 28 90 36<\/span><u><\/u><u><\/u><\/p>\n<p style=\"font-style: normal; font-weight: normal; margin-right: 0cm; margin-bottom: 19.2pt; margin-left: 0cm; vertical-align: baseline; box-sizing: border-box; outline: 0px;\"><span style=\"font-size: 11.5pt; font-family: 'Open Sans', sans-serif; color: #4b4f58;\">Adresse e-mail :&nbsp;<b><a style=\"color: #1155cc;\" href=\"mailto:gbrault@a-t-m-o.com\" target=\"_blank\" rel=\"noopener\">gbrault@a-t-m-o.com<\/a><\/b><u><\/u><u><\/u><\/span><\/p>\n<p style=\"font-style: normal; font-weight: normal; margin-right: 0cm; margin-bottom: 19.2pt; margin-left: 0cm; vertical-align: baseline; box-sizing: border-box; outline: 0px;\"><span style=\"font-size: 11.5pt; font-family: 'Open Sans', sans-serif; color: #4b4f58;\">Num\u00e9ro d\u2019enregistrement au registre du commerce et des soci\u00e9t\u00e9s (RCS) :&nbsp;<\/span><b><i><span style=\"font-size: 11.5pt; font-family: 'Open Sans', sans-serif; color: #4472c4;\">977&nbsp;822 881 RCS<\/span><\/i><\/b><b><span style=\"font-size: 11.5pt; font-family: 'Open Sans', sans-serif; color: #4472c4;\">&nbsp;<i>PARIS<\/i><\/span><\/b><b><\/b><u><\/u><u><\/u><\/p>\n<p style=\"font-weight: normal; margin-right: 0cm; margin-bottom: 19.2pt; margin-left: 0cm; vertical-align: baseline; box-sizing: border-box; outline: 0px;\"><span style=\"font-style: normal; font-size: 11.5pt; font-family: 'Open Sans', sans-serif; color: #4b4f58;\">Num\u00e9ro de TVA intracommunautaire :&nbsp;<\/span><span style=\"font-size: 11.5pt; font-family: 'Open Sans', sans-serif; color: #4472c4;\">FR87977822881<\/span><\/p>\n<div style=\"font-style: normal; font-weight: normal;\">\n<div style=\"margin: 5px 0px;\">&nbsp;<\/div>\n<div style=\"color: #500050;\">\n<p style=\"margin-right: 0cm; margin-bottom: 19.2pt; margin-left: 0cm; vertical-align: baseline; box-sizing: border-box; outline: 0px;\"><span style=\"font-size: 11.5pt; font-family: 'Open Sans', sans-serif; color: #4b4f58;\">Directeur de la publication :&nbsp;<b>Gr\u00e9gory BRAULT<\/b><u><\/u><u><\/u><\/span><\/p>\n<\/div>\n<\/div>\n<\/div>\n<div style=\"font-style: normal; font-weight: normal;\">&nbsp;<\/div>\n<\/div>\n<div style=\"font-style: normal; font-weight: normal;\">&nbsp;<\/div>\n<\/div>\n<div style=\"font-style: normal; font-weight: normal;\">&nbsp;<\/div>\n<\/div>\n<div style=\"font-style: normal; font-weight: normal;\">&nbsp;<\/div>\n<\/div>\n<\/div>\n<p style=\"border: 0px; font-size: 15px; margin: 0px 0px 1.6em; outline: 0px; padding: 0px; vertical-align: baseline; color: #4b4f58; font-family: 'Open Sans', sans-serif;\"><span style=\"font-weight: bold;\">H\u00e9bergement&nbsp;<\/span>:<\/p>\n<p style=\"border: 0px; font-size: 15px; margin: 0px 0px 1.6em; outline: 0px; padding: 0px; vertical-align: baseline; color: #4b4f58; font-family: 'Open Sans', sans-serif;\">Nom de l\u2019h\u00e9bergeur :&nbsp;<span style=\"font-weight: bold;\">OVH<\/span><\/p>\n<p style=\"border: 0px; font-size: 15px; margin: 0px 0px 1.6em; outline: 0px; padding: 0px; vertical-align: baseline; color: #4b4f58; font-family: 'Open Sans', sans-serif;\">Adresse de l\u2019h\u00e9bergeur :&nbsp;<span style=\"font-weight: bold;\">2 rue Kellermann, Roubaix 59100&nbsp;<\/span><\/p>\n<p style=\"border: 0px; font-size: 15px; margin: 0px 0px 1.6em; outline: 0px; padding: 0px; vertical-align: baseline; color: #4b4f58; font-family: 'Open Sans', sans-serif;\">Num\u00e9ro de t\u00e9l\u00e9phone de l\u2019h\u00e9bergeur :&nbsp;<span style=\"font-weight: bold;\">+1 833 476 4400<\/span>&nbsp;&nbsp;<\/p>\n<p style=\"border: 0px; font-size: 15px; margin: 0px 0px 1.6em; outline: 0px; padding: 0px; vertical-align: baseline; color: #4b4f58; font-family: 'Open Sans', sans-serif;\"><span style=\"font-weight: bold;\">Politique de confidentialit\u00e9 :<\/span><\/p>\n<p style=\"border: 0px; font-size: 15px; margin: 0px 0px 1.6em; outline: 0px; padding: 0px; vertical-align: baseline; color: #4b4f58; font-family: 'Open Sans', sans-serif;\">Les donn\u00e9es personnelles collect\u00e9es (via le formulaire de contact ) sont uniquement utilis\u00e9es pour permettre \u00e0 l\u2019entreprise de r\u00e9pondre aux demandes des utilisateurs. Ces donn\u00e9es ne sont en aucun cas c\u00e9d\u00e9es ou vendues \u00e0 des tiers. Conform\u00e9ment \u00e0 la l\u00e9gislation sur la protection des donn\u00e9es personnelles, vous disposez d&#8217;un droit d&#8217;acc\u00e8s, de rectification, de suppression des informations qui vous concernent, que vous pouvez exercer en vous adressant \u00e0&nbsp;<a href=\"mailto:gbrault@a-t-m-o.com\" target=\"_blank\" rel=\"noopener\" style=\"font-size: 15.3333px; font-weight: 700; text-align: var(--text-align); background-color: rgb(255, 255, 255); color: rgb(17, 85, 204);\">gbrault@a-t-m-o.com<\/a><\/p>\n<p style=\"border: 0px; font-size: 15px; margin: 0px 0px 1.6em; outline: 0px; padding: 0px; vertical-align: baseline; color: #4b4f58; font-family: 'Open Sans', sans-serif;\"><span style=\"font-weight: bold;\">Propri\u00e9t\u00e9 intellectuelle :<\/span><\/p>\n<p style=\"border: 0px; font-size: 15px; margin: 0px 0px 1.6em; outline: 0px; padding: 0px; vertical-align: baseline; color: #4b4f58; font-family: 'Open Sans', sans-serif;\">Le contenu du site, comprenant les textes, images, graphismes, logo, ic\u00f4nes, sons, logiciels, etc., est la propri\u00e9t\u00e9 de <b>ATMO<\/b><span style=\"font-weight: bold;\">&nbsp;<\/span>et est prot\u00e9g\u00e9 par la l\u00e9gislation internationale sur le droit d&#8217;auteur et la propri\u00e9t\u00e9 intellectuelle. Toute reproduction, repr\u00e9sentation, modification, publication, adaptation de tout ou partie des \u00e9l\u00e9ments du site, quel que soit le moyen ou le proc\u00e9d\u00e9 utilis\u00e9, est interdite, sauf autorisation \u00e9crite pr\u00e9alable de&nbsp;<span style=\"font-weight: bold;\">ATMO<\/span>.<\/p>\n<p style=\"border: 0px; font-size: 15px; margin: 0px 0px 1.6em; outline: 0px; padding: 0px; vertical-align: baseline; color: #4b4f58; font-family: 'Open Sans', sans-serif;\"><span style=\"font-weight: bold;\">Limitations de responsabilit\u00e9 :<\/span><\/p>\n<p style=\"border: 0px; font-size: 15px; margin: 0px 0px 1.6em; outline: 0px; padding: 0px; vertical-align: baseline; color: #4b4f58; font-family: 'Open Sans', sans-serif;\"><span style=\"font-weight: bold;\">ATMO&nbsp;<\/span>ne peut \u00eatre tenu responsable des dommages directs et indirects caus\u00e9s au mat\u00e9riel de l&#8217;utilisateur lors de l&#8217;acc\u00e8s au site internet&nbsp;<span style=\"text-align: var(--text-align); font-weight: bold;\">www.a-t-m-o.com<\/span><span style=\"text-align: var(--text-align);\">&nbsp;. De plus,&nbsp;<\/span><span style=\"text-align: var(--text-align); font-weight: bold;\">ATMO&nbsp;<\/span><span style=\"text-align: var(--text-align);\">d\u00e9cline toute responsabilit\u00e9 quant \u00e0 l\u2019utilisation qui pourrait \u00eatre faite des informations et contenus pr\u00e9sents sur le site.<\/span><\/p>\n<p style=\"border: 0px; font-size: 15px; margin: 0px 0px 1.6em; outline: 0px; padding: 0px; vertical-align: baseline; color: #4b4f58; font-family: 'Open Sans', sans-serif;\"><span style=\"font-weight: bold;\">Loi applicable et attribution de juridiction :<\/span><\/p>\n<p style=\"border: 0px; font-size: 15px; margin: 0px 0px 1.6em; outline: 0px; padding: 0px; vertical-align: baseline; color: #4b4f58; font-family: 'Open Sans', sans-serif;\">Tout litige en relation avec l&#8217;utilisation du site&nbsp;<span style=\"font-weight: bold;\">www.a-t-m-o.com<\/span>&nbsp;est soumis au droit fran\u00e7ais. Il est fait attribution exclusive de juridiction aux tribunaux comp\u00e9tents de la ville de Blois.<\/p>\t\t\t\t\t\t<\/div>\n\t\t\t\t<\/div>\n\t\t\t\t\t<\/div>\n\t\t\t\t<\/div>\n\t\t\t\t\t\t\t<\/div>\n\t\t","protected":false},"excerpt":{"rendered":"<p>\u00c9diteur du Site : Nom de l&#8217;entreprise :&nbsp;ATMO Forme juridique :&nbsp;SASU Adresse du si\u00e8ge social :&nbsp;10 rue de la Paix 75002 PARIS Num\u00e9ro de t\u00e9l\u00e9phone :&nbsp;&nbsp;07 77 28 90 36 Adresse e-mail :&nbsp;gbrault@a-t-m-o.com Num\u00e9ro d\u2019enregistrement au registre du commerce et des soci\u00e9t\u00e9s (RCS) :&nbsp;977&nbsp;822 881 RCS&nbsp;PARIS Num\u00e9ro de TVA intracommunautaire :&nbsp;FR87977822881 &nbsp; Directeur de la [&hellip;]<\/p>\n","protected":false},"author":2,"featured_media":0,"parent":0,"menu_order":0,"comment_status":"closed","ping_status":"closed","template":"","meta":{"_uag_custom_page_level_css":"","footnotes":""},"class_list":["post-2198","page","type-page","status-publish","hentry"],"uagb_featured_image_src":{"full":false,"thumbnail":false,"medium":false,"medium_large":false,"large":false,"1536x1536":false,"2048x2048":false},"uagb_author_info":{"display_name":"Enzo DUMONT","author_link":"https:\/\/a-t-m-o.com\/index.php\/author\/dumontenzogmail-com\/"},"uagb_comment_info":0,"uagb_excerpt":"\u00c9diteur du Site : Nom de l&#8217;entreprise :&nbsp;ATMO Forme juridique :&nbsp;SASU Adresse du si\u00e8ge social :&nbsp;10 rue de la Paix 75002 PARIS Num\u00e9ro de t\u00e9l\u00e9phone :&nbsp;&nbsp;07 77 28 90 36 Adresse e-mail :&nbsp;gbrault@a-t-m-o.com Num\u00e9ro d\u2019enregistrement au registre du commerce et des soci\u00e9t\u00e9s (RCS) :&nbsp;977&nbsp;822 881 RCS&nbsp;PARIS Num\u00e9ro de TVA intracommunautaire :&nbsp;FR87977822881 &nbsp; Directeur de la&hellip;","_links":{"self":[{"href":"https:\/\/a-t-m-o.com\/index.php\/wp-json\/wp\/v2\/pages\/2198","targetHints":{"allow":["GET"]}}],"collection":[{"href":"https:\/\/a-t-m-o.com\/index.php\/wp-json\/wp\/v2\/pages"}],"about":[{"href":"https:\/\/a-t-m-o.com\/index.php\/wp-json\/wp\/v2\/types\/page"}],"author":[{"embeddable":true,"href":"https:\/\/a-t-m-o.com\/index.php\/wp-json\/wp\/v2\/users\/2"}],"replies":[{"embeddable":true,"href":"https:\/\/a-t-m-o.com\/index.php\/wp-json\/wp\/v2\/comments?post=2198"}],"version-history":[{"count":4,"href":"https:\/\/a-t-m-o.com\/index.php\/wp-json\/wp\/v2\/pages\/2198\/revisions"}],"predecessor-version":[{"id":2210,"href":"https:\/\/a-t-m-o.com\/index.php\/wp-json\/wp\/v2\/pages\/2198\/revisions\/2210"}],"wp:attachment":[{"href":"https:\/\/a-t-m-o.com\/index.php\/wp-json\/wp\/v2\/media?parent=2198"}],"curies":[{"name":"wp","href":"https:\/\/api.w.org\/{rel}","templated":true}]}}